{"id":1166,"date":"2019-07-07T10:17:37","date_gmt":"2019-07-07T08:17:37","guid":{"rendered":"https:\/\/salomon.fr\/honoraires\/"},"modified":"2020-09-18T13:14:08","modified_gmt":"2020-09-18T11:14:08","slug":"honoraires","status":"publish","type":"page","link":"https:\/\/salomon.fr\/en\/honoraires\/","title":{"rendered":"Honoraires"},"content":{"rendered":"<p style=\"text-align: center;\"><strong>TARIFS DES HONORAIRES DE L&#8217;AGENCE IMMOBILIERE SALOMON &amp; ASSOCIES\u00a0 T.T.C.<br \/>\n<\/strong><\/p>\n<p style=\"text-align: center;\"><strong>TELEPHONE\u00a0: 01 40 45 00 90 ou 06 09 74 74 95\u00a0 <\/strong><\/p>\n<p>&nbsp;<\/p>\n<p style=\"text-align: center;\"><strong>VENTE<br \/>\n<\/strong><\/p>\n<p><strong><em><u>Montant de la transaction \u00e0 la charge de l\u2019acqu\u00e9reur et incluent la T.V.A \u00e0 20% : <\/u><\/em><\/strong><\/p>\n<p>Inf\u00e9rieur \u00e0 35 000 \u20ac\u00a0\u00a0\u00a0\u00a0\u00a0\u00a0\u00a0\u00a0 \u00a0 \u00a0 \u00a0 \u00a0 \u00a0 Forfait 4 000 \u20ac<\/p>\n<p>35 001 \u00e0 250 000 \u20ac \u00a0 \u00a0 \u00a0 \u00a0 \u00a0 \u00a0 \u00a0 \u00a0\u00a0\u00a0\u00a0 10 %<\/p>\n<p>250 001 \u00e0 1 000 000 \u20ac\u00a0\u00a0\u00a0\u00a0\u00a0\u00a0\u00a0\u00a0\u00a0\u00a0\u00a0\u00a0\u00a0 \u00a0 5 %<\/p>\n<p>1 000 000 \u00e0 3 000 000 \u20ac\u00a0\u00a0\u00a0\u00a0\u00a0\u00a0\u00a0\u00a0\u00a0 \u00a0\u00a0 4 %<\/p>\n<p>3 000 0001 \u00e0 8 000 000 \u20ac \u00a0 \u00a0 \u00a0 \u00a0\u00a0\u00a0 3 %<\/p>\n<p>Sup\u00e9rieur \u00e0 8 000 001 \u00a0 \u00a0 \u00a0 \u00a0\u00a0\u00a0\u00a0\u00a0\u00a0\u00a0\u00a0 2 %<\/p>\n<p>&nbsp;<\/p>\n<p style=\"text-align: center;\"><u><strong>VIAGER<\/strong><br \/>\n<\/u><\/p>\n<p>Bar\u00e8me identique calcul\u00e9 sur la valeur v\u00e9nale libre du bien.<\/p>\n<p>&nbsp;<\/p>\n<p style=\"text-align: center;\"><strong>LOCATION<\/strong><\/p>\n<p>Honoraires TTC pour la location d&#8217;habitation \u00e0 la charge du propri\u00e9taire:<\/p>\n<p>&#8211; 1 mois de loyer charges comprises + TVA 20% \u00e0 la charge du bailleur.<\/p>\n<p>Honoraires TTC pour la location locaux d\u2019habitation \u00e0 la charge du locataire:<\/p>\n<p>&#8211; Indice Loi Alur suivant la zone concern\u00e9e :<br \/>\n&#8211; 12 \u20ac \/ m2 \u00e0 Paris et agglom\u00e9ration<br \/>\n&#8211; 10 \u20ac m2 pour les 28 agglom\u00e9rations de plus de 50 000 habitants<br \/>\n&#8211; 3 \u20ac \/ m2 pour l\u2019\u00e9tablissement de l\u2019\u00e9tat des lieux<\/p>\n<p>Honoraires de location pour les locaux commerciaux et industriels:<\/p>\n<p>(Bureaux, boutiques, locaux commerciaux, terrains, locaux industriels, entrep\u00f4ts)<br \/>\n&#8211; 10% du montant HT + TVA 20% des loyers des trois premi\u00e8res ann\u00e9es<\/p>\n<p>Honoraires pour cession de commerces et\/ou entreprises, droit au bail, locaux commerciaux:<\/p>\n<p>&#8211; Inf\u00e9rieur ou \u00e9gal \u00e0 25 000 \u20ac Forfait de 5 000 \u20ac<br \/>\n&#8211; 25 001 \u00e0 50 000 \u20ac Forfait de 7 500 \u20ac<br \/>\n&#8211; 50 001 \u00e0 100 000 \u20ac Forfait de 10 000 \u20ac<br \/>\n&#8211; 100 001 \u00e0 250 000 \u20ac 10 % HT + TVA<br \/>\n&#8211; 250 001 \u00e0 750 000 \u20ac 9 % HT + TVA<br \/>\n&#8211; Sup\u00e9rieur \u00e0 750 001 \u20ac 5 % HT + TVA<\/p>\n","protected":false},"excerpt":{"rendered":"<p>TARIFS DES HONORAIRES DE L&#8217;AGENCE IMMOBILIERE SALOMON &amp; ASSOCIES\u00a0 T.T.C. TELEPHONE\u00a0: 01 40 45 00 90 ou 06 09 74 74 95\u00a0 &nbsp; VENTE Montant de la transaction \u00e0 la charge de l\u2019acqu\u00e9reur et incluent la T.V.A \u00e0 20% : Inf\u00e9rieur \u00e0 35 000 \u20ac\u00a0\u00a0\u00a0\u00a0\u00a0\u00a0\u00a0\u00a0 \u00a0 \u00a0 \u00a0 \u00a0 \u00a0 Forfait 4 000 \u20ac 35 [&hellip;]<\/p>\n","protected":false},"author":1,"featured_media":0,"parent":0,"menu_order":0,"comment_status":"closed","ping_status":"closed","template":"","meta":{"_acf_changed":false,"footnotes":""},"class_list":["post-1166","page","type-page","status-publish","hentry"],"acf":[],"yoast_head":"<!-- This site is optimized with the Yoast SEO plugin v27.4 - https:\/\/yoast.com\/product\/yoast-seo-wordpress\/ -->\n<title>Honoraires - SALOMON &amp; ASSOCI\u00c9S<\/title>\n<meta name=\"robots\" content=\"index, follow, max-snippet:-1, max-image-preview:large, max-video-preview:-1\" \/>\n<link rel=\"canonical\" href=\"https:\/\/salomon.fr\/en\/honoraires\/\" \/>\n<meta property=\"og:locale\" content=\"en_US\" \/>\n<meta property=\"og:type\" content=\"article\" \/>\n<meta property=\"og:title\" content=\"Honoraires - SALOMON &amp; ASSOCI\u00c9S\" \/>\n<meta property=\"og:description\" content=\"TARIFS DES HONORAIRES DE L&#8217;AGENCE IMMOBILIERE SALOMON &amp; ASSOCIES\u00a0 T.T.C. TELEPHONE\u00a0: 01 40 45 00 90 ou 06 09 74 74 95\u00a0 &nbsp; VENTE Montant de la transaction \u00e0 la charge de l\u2019acqu\u00e9reur et incluent la T.V.A \u00e0 20% : Inf\u00e9rieur \u00e0 35 000 \u20ac\u00a0\u00a0\u00a0\u00a0\u00a0\u00a0\u00a0\u00a0 \u00a0 \u00a0 \u00a0 \u00a0 \u00a0 Forfait 4 000 \u20ac 35 [&hellip;]\" \/>\n<meta property=\"og:url\" content=\"https:\/\/salomon.fr\/en\/honoraires\/\" \/>\n<meta property=\"og:site_name\" content=\"SALOMON &amp; ASSOCI\u00c9S\" \/>\n<meta property=\"article:publisher\" content=\"https:\/\/fr-fr.facebook.com\/carole.salomon.3\/yoast\" \/>\n<meta property=\"article:modified_time\" content=\"2020-09-18T11:14:08+00:00\" \/>\n<meta name=\"twitter:card\" content=\"summary_large_image\" \/>\n<meta name=\"twitter:label1\" content=\"Est. reading time\" \/>\n\t<meta name=\"twitter:data1\" content=\"1 minute\" \/>\n<script type=\"application\/ld+json\" class=\"yoast-schema-graph\">{\"@context\":\"https:\\\/\\\/schema.org\",\"@graph\":[{\"@type\":\"WebPage\",\"@id\":\"https:\\\/\\\/salomon.fr\\\/en\\\/honoraires\\\/\",\"url\":\"https:\\\/\\\/salomon.fr\\\/en\\\/honoraires\\\/\",\"name\":\"Honoraires - SALOMON &amp; ASSOCI\u00c9S\",\"isPartOf\":{\"@id\":\"https:\\\/\\\/salomon.fr\\\/en\\\/#website\"},\"datePublished\":\"2019-07-07T08:17:37+00:00\",\"dateModified\":\"2020-09-18T11:14:08+00:00\",\"breadcrumb\":{\"@id\":\"https:\\\/\\\/salomon.fr\\\/en\\\/honoraires\\\/#breadcrumb\"},\"inLanguage\":\"en-US\",\"potentialAction\":[{\"@type\":\"ReadAction\",\"target\":[\"https:\\\/\\\/salomon.fr\\\/en\\\/honoraires\\\/\"]}]},{\"@type\":\"BreadcrumbList\",\"@id\":\"https:\\\/\\\/salomon.fr\\\/en\\\/honoraires\\\/#breadcrumb\",\"itemListElement\":[{\"@type\":\"ListItem\",\"position\":1,\"name\":\"Home\",\"item\":\"https:\\\/\\\/salomon.fr\\\/en\\\/our-agency\\\/\"},{\"@type\":\"ListItem\",\"position\":2,\"name\":\"Honoraires\"}]},{\"@type\":\"WebSite\",\"@id\":\"https:\\\/\\\/salomon.fr\\\/en\\\/#website\",\"url\":\"https:\\\/\\\/salomon.fr\\\/en\\\/\",\"name\":\"SALOMON & ASSOCI\u00c9S\",\"description\":\"L&#039;immobilier sans stress\",\"publisher\":{\"@id\":\"https:\\\/\\\/salomon.fr\\\/en\\\/#organization\"},\"potentialAction\":[{\"@type\":\"SearchAction\",\"target\":{\"@type\":\"EntryPoint\",\"urlTemplate\":\"https:\\\/\\\/salomon.fr\\\/en\\\/?s={search_term_string}\"},\"query-input\":{\"@type\":\"PropertyValueSpecification\",\"valueRequired\":true,\"valueName\":\"search_term_string\"}}],\"inLanguage\":\"en-US\"},{\"@type\":\"Organization\",\"@id\":\"https:\\\/\\\/salomon.fr\\\/en\\\/#organization\",\"name\":\"SALOMON & ASSOCI\u00c9S\",\"url\":\"https:\\\/\\\/salomon.fr\\\/en\\\/\",\"logo\":{\"@type\":\"ImageObject\",\"inLanguage\":\"en-US\",\"@id\":\"https:\\\/\\\/salomon.fr\\\/en\\\/#\\\/schema\\\/logo\\\/image\\\/\",\"url\":\"https:\\\/\\\/salomon.fr\\\/wp-content\\\/uploads\\\/2019\\\/08\\\/logo-salomon-immobilier-1.png\",\"contentUrl\":\"https:\\\/\\\/salomon.fr\\\/wp-content\\\/uploads\\\/2019\\\/08\\\/logo-salomon-immobilier-1.png\",\"width\":291,\"height\":54,\"caption\":\"SALOMON & ASSOCI\u00c9S\"},\"image\":{\"@id\":\"https:\\\/\\\/salomon.fr\\\/en\\\/#\\\/schema\\\/logo\\\/image\\\/\"},\"sameAs\":[\"https:\\\/\\\/fr-fr.facebook.com\\\/carole.salomon.3\\\/yoast\",\"https:\\\/\\\/www.linkedin.com\\\/in\\\/carole-salomon-3ba7012\\\/yoast\",\"https:\\\/\\\/www.linkedin.com\\\/in\\\/patricia-salomon-287a341a4\\\/\\\/yoast\"]}]}<\/script>\n<!-- \/ Yoast SEO plugin. -->","yoast_head_json":{"title":"Honoraires - SALOMON &amp; ASSOCI\u00c9S","robots":{"index":"index","follow":"follow","max-snippet":"max-snippet:-1","max-image-preview":"max-image-preview:large","max-video-preview":"max-video-preview:-1"},"canonical":"https:\/\/salomon.fr\/en\/honoraires\/","og_locale":"en_US","og_type":"article","og_title":"Honoraires - SALOMON &amp; ASSOCI\u00c9S","og_description":"TARIFS DES HONORAIRES DE L&#8217;AGENCE IMMOBILIERE SALOMON &amp; ASSOCIES\u00a0 T.T.C. TELEPHONE\u00a0: 01 40 45 00 90 ou 06 09 74 74 95\u00a0 &nbsp; VENTE Montant de la transaction \u00e0 la charge de l\u2019acqu\u00e9reur et incluent la T.V.A \u00e0 20% : Inf\u00e9rieur \u00e0 35 000 \u20ac\u00a0\u00a0\u00a0\u00a0\u00a0\u00a0\u00a0\u00a0 \u00a0 \u00a0 \u00a0 \u00a0 \u00a0 Forfait 4 000 \u20ac 35 [&hellip;]","og_url":"https:\/\/salomon.fr\/en\/honoraires\/","og_site_name":"SALOMON &amp; ASSOCI\u00c9S","article_publisher":"https:\/\/fr-fr.facebook.com\/carole.salomon.3\/yoast","article_modified_time":"2020-09-18T11:14:08+00:00","twitter_card":"summary_large_image","twitter_misc":{"Est. reading time":"1 minute"},"schema":{"@context":"https:\/\/schema.org","@graph":[{"@type":"WebPage","@id":"https:\/\/salomon.fr\/en\/honoraires\/","url":"https:\/\/salomon.fr\/en\/honoraires\/","name":"Honoraires - SALOMON &amp; ASSOCI\u00c9S","isPartOf":{"@id":"https:\/\/salomon.fr\/en\/#website"},"datePublished":"2019-07-07T08:17:37+00:00","dateModified":"2020-09-18T11:14:08+00:00","breadcrumb":{"@id":"https:\/\/salomon.fr\/en\/honoraires\/#breadcrumb"},"inLanguage":"en-US","potentialAction":[{"@type":"ReadAction","target":["https:\/\/salomon.fr\/en\/honoraires\/"]}]},{"@type":"BreadcrumbList","@id":"https:\/\/salomon.fr\/en\/honoraires\/#breadcrumb","itemListElement":[{"@type":"ListItem","position":1,"name":"Home","item":"https:\/\/salomon.fr\/en\/our-agency\/"},{"@type":"ListItem","position":2,"name":"Honoraires"}]},{"@type":"WebSite","@id":"https:\/\/salomon.fr\/en\/#website","url":"https:\/\/salomon.fr\/en\/","name":"SALOMON & ASSOCI\u00c9S","description":"L&#039;immobilier sans stress","publisher":{"@id":"https:\/\/salomon.fr\/en\/#organization"},"potentialAction":[{"@type":"SearchAction","target":{"@type":"EntryPoint","urlTemplate":"https:\/\/salomon.fr\/en\/?s={search_term_string}"},"query-input":{"@type":"PropertyValueSpecification","valueRequired":true,"valueName":"search_term_string"}}],"inLanguage":"en-US"},{"@type":"Organization","@id":"https:\/\/salomon.fr\/en\/#organization","name":"SALOMON & ASSOCI\u00c9S","url":"https:\/\/salomon.fr\/en\/","logo":{"@type":"ImageObject","inLanguage":"en-US","@id":"https:\/\/salomon.fr\/en\/#\/schema\/logo\/image\/","url":"https:\/\/salomon.fr\/wp-content\/uploads\/2019\/08\/logo-salomon-immobilier-1.png","contentUrl":"https:\/\/salomon.fr\/wp-content\/uploads\/2019\/08\/logo-salomon-immobilier-1.png","width":291,"height":54,"caption":"SALOMON & ASSOCI\u00c9S"},"image":{"@id":"https:\/\/salomon.fr\/en\/#\/schema\/logo\/image\/"},"sameAs":["https:\/\/fr-fr.facebook.com\/carole.salomon.3\/yoast","https:\/\/www.linkedin.com\/in\/carole-salomon-3ba7012\/yoast","https:\/\/www.linkedin.com\/in\/patricia-salomon-287a341a4\/\/yoast"]}]}},"_links":{"self":[{"href":"https:\/\/salomon.fr\/en\/wp-json\/wp\/v2\/pages\/1166","targetHints":{"allow":["GET"]}}],"collection":[{"href":"https:\/\/salomon.fr\/en\/wp-json\/wp\/v2\/pages"}],"about":[{"href":"https:\/\/salomon.fr\/en\/wp-json\/wp\/v2\/types\/page"}],"author":[{"embeddable":true,"href":"https:\/\/salomon.fr\/en\/wp-json\/wp\/v2\/users\/1"}],"replies":[{"embeddable":true,"href":"https:\/\/salomon.fr\/en\/wp-json\/wp\/v2\/comments?post=1166"}],"version-history":[{"count":7,"href":"https:\/\/salomon.fr\/en\/wp-json\/wp\/v2\/pages\/1166\/revisions"}],"predecessor-version":[{"id":1764,"href":"https:\/\/salomon.fr\/en\/wp-json\/wp\/v2\/pages\/1166\/revisions\/1764"}],"wp:attachment":[{"href":"https:\/\/salomon.fr\/en\/wp-json\/wp\/v2\/media?parent=1166"}],"curies":[{"name":"wp","href":"https:\/\/api.w.org\/{rel}","templated":true}]}}